{"id":9,"date":"2021-01-21T14:17:11","date_gmt":"2021-01-21T13:17:11","guid":{"rendered":"http:\/\/vipcontour.pl\/index.php\/przeciwwskazania\/"},"modified":"2022-12-15T20:06:12","modified_gmt":"2022-12-15T19:06:12","slug":"przeciwwskazania","status":"publish","type":"page","link":"https:\/\/vipcontour.pl\/index.php\/przeciwwskazania\/","title":{"rendered":"Przeciwwskazania"},"content":{"rendered":"<p>[et_pb_section fb_built=&#8221;1&#8243; _builder_version=&#8221;4.18.0&#8243; background_color=&#8221;rgba(255,255,255,0.66)&#8221; background_image=&#8221;https:\/\/vipcontour.pl\/wp-content\/uploads\/2022\/10\/1_max-2-rotated.jpg&#8221; background_blend=&#8221;overlay&#8221; custom_padding=&#8221;35px|0px|15px|0px|false|false&#8221; global_colors_info=&#8221;{}&#8221;][et_pb_row use_custom_gutter=&#8221;on&#8221; make_equal=&#8221;on&#8221; _builder_version=&#8221;4.16&#8243; width=&#8221;98%&#8221; width_tablet=&#8221;90%&#8221; width_phone=&#8221;90%&#8221; width_last_edited=&#8221;on|tablet&#8221; max_width=&#8221;1170px&#8221; max_width_tablet=&#8221;90%&#8221; max_width_phone=&#8221;90%&#8221; max_width_last_edited=&#8221;on|tablet&#8221; custom_padding=&#8221;27px|0px|30px|0px|false|false&#8221; border_color_bottom=&#8221;#dec680&#8243; global_colors_info=&#8221;{}&#8221;][et_pb_column type=&#8221;4_4&#8243; _builder_version=&#8221;4.16&#8243; custom_padding=&#8221;|||&#8221; global_colors_info=&#8221;{}&#8221; custom_padding__hover=&#8221;|||&#8221;][et_pb_text _builder_version=&#8221;4.16&#8243; header_font=&#8221;Playfair Display|||on|||||&#8221; header_text_color=&#8221;#333333&#8243; header_font_size=&#8221;26px&#8221; header_letter_spacing=&#8221;1px&#8221; header_line_height=&#8221;1.4em&#8221; min_height=&#8221;605.3px&#8221; custom_margin=&#8221;-18px||20px|||&#8221; custom_padding=&#8221;0px|||&#8221; header_font_size_tablet=&#8221;&#8221; header_font_size_phone=&#8221;20px&#8221; header_font_size_last_edited=&#8221;on|phone&#8221; inline_fonts=&#8221;Abel,Times New Roman,Playfair Display&#8221; global_colors_info=&#8221;{}&#8221;]<\/p>\n<h1><span style=\"color: rgba(0, 0, 0, 0.88); font-family: Playfair Display;\">Przeciwwskazania do wykonania zabieg\u00f3w makija\u017cu permanentnego i iniekcji kwasem hialuronowym<\/span><\/h1>\n<p><span style=\"font-family: Playfair Display;\">\u00a0<\/span><\/p>\n<h2 style=\"text-align: justify;\"><span style=\"font-size: large; font-family: Playfair Display; font-weight: normal;\">Zabiegi te naruszaj\u0105 sk\u00f3r\u0119, wi\u0119c istniej\u0105 przeciwwskazania do ich wykonania. Nie s\u0105 to natomiast przeciwwskazania bezwzgl\u0119dne, natomiast w przypadku pojawienia si\u0119 kt\u00f3rego\u015b z nich nale\u017cy niezw\u0142ocznie nas poinformowa\u0107.<\/span><\/h2>\n<h2><span style=\"font-size: large; font-family: Playfair Display; font-weight: normal;\"><\/span><\/h2>\n<h2><span style=\"font-size: large; font-family: Playfair Display; font-weight: normal;\">Przeciwwskazania do zabieg\u00f3w s\u0105 nast\u0119puj\u0105ce:<\/span><\/h2>\n<h2><span style=\"font-family: Playfair Display;\"><span style=\"font-size: large; font-weight: normal;\">\u2022 <\/span><span style=\"font-size: large; font-weight: normal;\">ci\u0105\u017ca i karmienie piersi\u0105,<\/span><\/span><\/h2>\n<h2><span style=\"font-family: Playfair Display;\"><span style=\"font-size: large; font-weight: normal;\">\u2022 <\/span><span style=\"font-size: large; font-weight: normal;\">uszkodzenia sk\u00f3ry w miejscu pigmentacji,<\/span><\/span><\/h2>\n<h2><span style=\"font-family: Playfair Display;\"><span style=\"font-size: large; font-weight: normal;\"> \u2022 <\/span><span style=\"font-size: large; font-weight: normal;\">choroby sk\u00f3ry \u2013 bielactwo, \u0142uszczyca,<\/span><\/span><\/h2>\n<h2><span style=\"font-family: Playfair Display;\"><span style=\"font-size: large; font-weight: normal;\">\u2022 <\/span><span style=\"font-size: large; font-weight: normal;\">infekcje bakteryjne, wirusowe lub grzybicze,<\/span><\/span><\/h2>\n<h2><span style=\"font-family: Playfair Display;\"><span style=\"font-size: large; font-weight: normal;\">\u2022 <\/span><span style=\"font-size: large; font-weight: normal;\">obni\u017cona odporno\u015b\u0107,<\/span><\/span><\/h2>\n<h2><span style=\"font-family: Playfair Display;\"><span style=\"font-size: large; font-weight: normal;\">\u2022 <\/span><span style=\"font-size: large; font-weight: normal;\">gor\u0105czka,<\/span><\/span><\/h2>\n<h2><span style=\"font-family: Playfair Display;\"><span style=\"font-size: large; font-weight: normal;\">\u2022 <\/span><span style=\"font-size: large; font-weight: normal;\">choroby nerek (leczone nie jest przeciwwskazaniem),<\/span><\/span><\/h2>\n<h2><span style=\"font-family: Playfair Display;\"><span style=\"font-size: large; font-weight: normal;\">\u2022 <\/span><span style=\"font-size: large; font-weight: normal;\">zaawansowana cukrzyca (<\/span><span style=\"font-size: large; font-weight: normal;\">leczona nie jest przeciwwskazaniem),<\/span><\/span><\/h2>\n<h2><span style=\"font-family: Playfair Display;\"><span style=\"font-size: large; font-weight: normal;\">\u2022 <\/span><span style=\"font-size: large; font-weight: normal;\"><\/span><span style=\"font-size: large; font-weight: normal;\">nadczynno\u015b\u0107 lub niedoczynno\u015b\u0107 tarczycy (<\/span><span style=\"font-size: large; font-weight: normal;\">leczona nie jest przeciwwskazaniem),<\/span><span style=\"font-size: large; font-weight: normal;\"><\/span><\/span><\/h2>\n<h2><span style=\"font-family: Playfair Display;\"><span style=\"font-size: large; font-weight: normal;\"> \u2022 choroby serca (<\/span><span style=\"font-size: large; font-weight: normal;\">leczone nie jest przeciwwskazaniem),<\/span><\/span><\/h2>\n<h2><span style=\"font-family: Playfair Display;\"><span style=\"font-size: large; font-weight: normal;\"> \u2022 choroby krwi \u2013 hemofilia (<\/span><span style=\"font-size: large; font-weight: normal;\">leczona nie jest przeciwwskazaniem),<\/span><\/span><\/h2>\n<h2><span style=\"font-size: large; font-family: Playfair Display; font-weight: normal;\"> \u2022 choroba nowotworowa (tylko w trakcie leczenia jest przeciwwskazaniem),<\/span><\/h2>\n<h2><span style=\"font-family: Playfair Display;\"><span style=\"font-size: large; font-weight: normal;\">\u2022 <\/span><span style=\"font-size: large; font-weight: normal;\">zaka\u017cenie wirusem HIV lub wirusowe zapalenie w\u0105troby (leczone nie s\u0105 przeciwwskazaniem),<\/span><\/span><\/h2>\n<h2><span style=\"font-family: Playfair Display;\"><span style=\"font-size: large; font-weight: normal;\">\u2022 <\/span><span style=\"font-size: large; font-weight: normal;\">przyjmowanie steryd\u00f3w, antybiotyk\u00f3w lek\u00f3w antydepresyjnych oraz przeciwzakrzepowych,<\/span><\/span><\/h2>\n<h2><span style=\"font-family: Playfair Display;\"><span style=\"font-size: large; font-weight: normal;\">\u2022 <\/span><span style=\"font-size: large; font-weight: normal;\">kuracja retinoidami,<span class=\"d2edcug0 hpfvmrgz qv66sw1b c1et5uql lr9zc1uh a8c37x1j keod5gw0 nxhoafnm aigsh9s9 d3f4x2em fe6kdd0r mau55g9w c8b282yb iv3no6db jq4qci2q a3bd9o3v knj5qynh oo9gr5id hzawbc8m\" dir=\"auto\"> izotretynoinami, tetracyklinami (Roaccutane, Differin, Izotek, Axotret, Curacne, Aknenormin itd.) &#8211; mo\u017cliwo\u015b\u0107 zabiegu po okresie oko\u0142o 6 miesi\u0119cy po uko\u0144czonej kuracji,<\/span><br \/><\/span><\/span><\/h2>\n<h2><span style=\"font-family: Playfair Display;\"><span style=\"font-size: large; font-weight: normal;\">\u2022 <\/span><span style=\"font-size: large; font-weight: normal;\">sk\u0142onno\u015bci do blizn lub \u015bwie\u017ce blizny,<\/span><\/span><\/h2>\n<h2><span style=\"font-family: Playfair Display;\"><span style=\"font-size: large; font-weight: normal;\">\u2022 <\/span><span style=\"font-size: large; font-weight: normal;\">przyjmowanie lek\u00f3w rozrzedzaj\u0105cych krew (np. aspiryna, ibuprofen, poprzedzaj\u0105c 24h),<\/span><\/span><\/h2>\n<h2><span style=\"font-family: Playfair Display;\"><span style=\"font-size: large; font-weight: normal;\">\u2022 <\/span><span style=\"font-size: large; font-weight: normal;\">picie alkoholu (poprzedzaj\u0105c 24h) oraz napoj\u00f3w energetycznych, kawy (poprzedzaj\u0105c 12h),<\/span><\/span><\/h2>\n<h2><span style=\"font-size: large; font-family: Playfair Display; font-weight: normal;\">\u2022 mocno opalona sk\u00f3ra (dotyczy makija\u017cu permanentnego),<\/span><\/h2>\n<h2><span style=\"font-family: Playfair Display;\"><span style=\"font-size: large; font-weight: normal;\">\u2022 <\/span><span style=\"font-size: large; font-weight: normal;\">botoks czo\u0142a (dotyczy zabiegu makija\u017cu permanentnego: minimum 2 tygodnie po zabiegu mo\u017cna wykona\u0107 makija\u017c permanentny,<br \/><\/span><\/span><\/h2>\n<h2><span style=\"font-family: Playfair Display;\"><span style=\"font-size: large; font-weight: normal;\">\u2022 <\/span><span style=\"font-size: large; font-weight: normal;\">stosowanie od\u017cywek do rz\u0119s lub brwi (2 tygodnie przerwy przed wykonaniem zabiegu).<\/span><\/span><\/h2>\n<p><span style=\"font-size: large; font-family: 'Times New Roman'; font-weight: normal;\"><\/span><\/p>\n<p>[\/et_pb_text][\/et_pb_column][\/et_pb_row][\/et_pb_section]<\/p>\n","protected":false},"excerpt":{"rendered":"<p>Przeciwwskazania do wykonania zabieg\u00f3w makija\u017cu permanentnego i iniekcji kwasem hialuronowym \u00a0 Zabiegi te naruszaj\u0105 sk\u00f3r\u0119, wi\u0119c istniej\u0105 przeciwwskazania do ich wykonania. Nie s\u0105 to natomiast przeciwwskazania bezwzgl\u0119dne, natomiast w przypadku pojawienia si\u0119 kt\u00f3rego\u015b z nich nale\u017cy niezw\u0142ocznie nas poinformowa\u0107. Przeciwwskazania do zabieg\u00f3w s\u0105 nast\u0119puj\u0105ce: \u2022 ci\u0105\u017ca i karmienie piersi\u0105, \u2022 uszkodzenia sk\u00f3ry w miejscu pigmentacji, [&hellip;]<\/p>\n","protected":false},"author":1,"featured_media":0,"parent":0,"menu_order":0,"comment_status":"closed","ping_status":"closed","template":"","meta":{"_et_pb_use_builder":"on","_et_pb_old_content":"","_et_gb_content_width":"","footnotes":""},"class_list":["post-9","page","type-page","status-publish","hentry"],"_links":{"self":[{"href":"https:\/\/vipcontour.pl\/index.php\/wp-json\/wp\/v2\/pages\/9","targetHints":{"allow":["GET"]}}],"collection":[{"href":"https:\/\/vipcontour.pl\/index.php\/wp-json\/wp\/v2\/pages"}],"about":[{"href":"https:\/\/vipcontour.pl\/index.php\/wp-json\/wp\/v2\/types\/page"}],"author":[{"embeddable":true,"href":"https:\/\/vipcontour.pl\/index.php\/wp-json\/wp\/v2\/users\/1"}],"replies":[{"embeddable":true,"href":"https:\/\/vipcontour.pl\/index.php\/wp-json\/wp\/v2\/comments?post=9"}],"version-history":[{"count":0,"href":"https:\/\/vipcontour.pl\/index.php\/wp-json\/wp\/v2\/pages\/9\/revisions"}],"wp:attachment":[{"href":"https:\/\/vipcontour.pl\/index.php\/wp-json\/wp\/v2\/media?parent=9"}],"curies":[{"name":"wp","href":"https:\/\/api.w.org\/{rel}","templated":true}]}}