{"id":226,"date":"2021-01-27T10:29:46","date_gmt":"2021-01-27T09:29:46","guid":{"rendered":"http:\/\/vipcontour.pl\/index.php\/kosmetologia-estetyczna\/"},"modified":"2022-12-15T21:03:23","modified_gmt":"2022-12-15T20:03:23","slug":"kosmetologia-estetyczna","status":"publish","type":"page","link":"https:\/\/vipcontour.pl\/index.php\/kosmetologia-estetyczna\/","title":{"rendered":"KOSMETOLOGIA ESTETYCZNA"},"content":{"rendered":"<p>[et_pb_section fb_built=&#8221;1&#8243; disabled_on=&#8221;off|off|on&#8221; _builder_version=&#8221;4.16&#8243; _module_preset=&#8221;default&#8221; background_image=&#8221;http:\/\/vipcontour.pl\/wp-content\/uploads\/2021\/01\/Untitled-design.png&#8221; background_position=&#8221;top_left&#8221; background_repeat=&#8221;repeat&#8221; custom_padding=&#8221;0px||0px|||&#8221; global_colors_info=&#8221;{}&#8221;][et_pb_row _builder_version=&#8221;4.16&#8243; _module_preset=&#8221;default&#8221; custom_padding=&#8221;0px||0px|||&#8221; global_colors_info=&#8221;{}&#8221;][et_pb_column type=&#8221;4_4&#8243; _builder_version=&#8221;4.16&#8243; _module_preset=&#8221;default&#8221; global_colors_info=&#8221;{}&#8221;][et_pb_image src=&#8221;http:\/\/vipcontour.pl\/wp-content\/uploads\/2021\/01\/vipcontour.png&#8221; title_text=&#8221;vipcontour&#8221; _builder_version=&#8221;4.16&#8243; _module_preset=&#8221;default&#8221; global_colors_info=&#8221;{}&#8221;][\/et_pb_image][\/et_pb_column][\/et_pb_row][\/et_pb_section][et_pb_section fb_built=&#8221;1&#8243; _builder_version=&#8221;4.16&#8243; background_color=&#8221;rgba(255,255,255,0.66)&#8221; background_image=&#8221;http:\/\/vipcontour.pl\/wp-content\/uploads\/2021\/01\/wed-bg-1.png&#8221; background_blend=&#8221;overlay&#8221; custom_padding=&#8221;35px|0px|15px|0px|false|false&#8221; global_colors_info=&#8221;{}&#8221;][et_pb_row use_custom_gutter=&#8221;on&#8221; make_equal=&#8221;on&#8221; _builder_version=&#8221;4.16&#8243; width=&#8221;98%&#8221; width_tablet=&#8221;90%&#8221; width_phone=&#8221;90%&#8221; width_last_edited=&#8221;on|tablet&#8221; max_width=&#8221;1170px&#8221; max_width_tablet=&#8221;90%&#8221; max_width_phone=&#8221;90%&#8221; max_width_last_edited=&#8221;on|tablet&#8221; custom_padding=&#8221;0px|0px|30px|0px|false|false&#8221; border_color_bottom=&#8221;#dec680&#8243; global_colors_info=&#8221;{}&#8221;][et_pb_column type=&#8221;4_4&#8243; _builder_version=&#8221;4.16&#8243; custom_padding=&#8221;|||&#8221; global_colors_info=&#8221;{}&#8221; custom_padding__hover=&#8221;|||&#8221;][et_pb_text _builder_version=&#8221;4.16&#8243; header_font=&#8221;Playfair Display|||on|||||&#8221; header_text_color=&#8221;#333333&#8243; header_font_size=&#8221;26px&#8221; header_letter_spacing=&#8221;1px&#8221; header_line_height=&#8221;1.4em&#8221; max_width=&#8221;474px&#8221; header_font_size_tablet=&#8221;&#8221; header_font_size_phone=&#8221;20px&#8221; header_font_size_last_edited=&#8221;on|phone&#8221; global_colors_info=&#8221;{}&#8221;]<\/p>\n<h1 style=\"text-align: left;\">Kosmetologia estetyczna<\/h1>\n<p>[\/et_pb_text][et_pb_text _builder_version=&#8221;4.16&#8243; text_font=&#8221;Roboto Condensed|300|||||||&#8221; text_text_color=&#8221;#A4A4A4&#8243; text_line_height=&#8221;1.8em&#8221; header_font=&#8221;Yeseva One||||||||&#8221; header_text_color=&#8221;#3c1c20&#8243; header_font_size=&#8221;47px&#8221; header_line_height=&#8221;1.2em&#8221; text_orientation=&#8221;justified&#8221; custom_margin=&#8221;-13px||&#8221; inline_fonts=&#8221;Times New Roman,Playfair Display&#8221; global_colors_info=&#8221;{}&#8221; custom_padding=&#8221;||0px|||&#8221;]<\/p>\n<p><span style=\"font-family: Playfair Display; color: #606060; font-weight: normal;\"><strong>Powi\u0119kszanie i modelowanie ust kwasem hialuronowym<\/strong><\/span><br \/><span style=\"font-family: Playfair Display; color: #606060; font-weight: normal;\"> To zabieg, kt\u00f3ry od lat utrzymuje si\u0119 w czo\u0142\u00f3wce najpopularniejszych zabieg\u00f3w z zakresu kosmetologii estetycznej. Cieszy si\u0119 on powodzeniem u kobiet w r\u00f3\u017cnym wieku, z r\u00f3\u017cnymi problemami, zar\u00f3wno w\u015br\u00f3d w\u0142a\u015bcicielek w\u0105skiej czerwieni wargowej, jak i pa\u0144 posiadaj\u0105cych naturalnie pe\u0142ne usta. Zabieg z zastosowaniem kwasu hialuronowego pozwala uwydatni\u0107 usta i nada\u0107 im w\u0142a\u015bciwy kszta\u0142t, jak r\u00f3wnie\u017c stosowany jest bardzo cz\u0119sto w celu ich nawil\u017cenia.<\/span><\/p>\n<p>[\/et_pb_text][et_pb_text _builder_version=&#8221;4.16&#8243; text_font=&#8221;Roboto Condensed|300|||||||&#8221; text_text_color=&#8221;#A4A4A4&#8243; text_line_height=&#8221;1.8em&#8221; header_font=&#8221;Yeseva One||||||||&#8221; header_text_color=&#8221;#3c1c20&#8243; header_font_size=&#8221;47px&#8221; header_line_height=&#8221;1.2em&#8221; text_orientation=&#8221;justified&#8221; custom_margin=&#8221;-13px||&#8221; inline_fonts=&#8221;Times New Roman,Playfair Display&#8221; global_colors_info=&#8221;{}&#8221;]<\/p>\n<p><span style=\"font-family: Playfair Display; color: #606060; font-weight: normal;\"><strong>Wype\u0142nianie zmarszczek\/bruzd<\/strong><\/span><br \/><span style=\"font-family: Playfair Display; color: #606060; font-weight: normal;\"> Zabieg wype\u0142niania kwasem hialuronowym polega na wstrzykni\u0119ciu w g\u0142\u0105b nask\u00f3rka w miejscu potrzebuj\u0105cym odnowy, preparatu z kwasem hialuronowym. Kwas hialuronowy ma elastyczn\u0105, bardzo plastyczn\u0105 i krystaliczn\u0105 posta\u0107 \u017celu, kt\u00f3ry uzupe\u0142nia miejsca, gdzie pojawi\u0142y si\u0119 zmarszczki, czy bruzdy lub brakuje obj\u0119to\u015bci.<\/span><\/p>\n<p>[\/et_pb_text][et_pb_text _builder_version=&#8221;4.16&#8243; text_font=&#8221;Roboto Condensed|300|||||||&#8221; text_text_color=&#8221;#A4A4A4&#8243; text_line_height=&#8221;1.8em&#8221; header_font=&#8221;Yeseva One||||||||&#8221; header_text_color=&#8221;#3c1c20&#8243; header_font_size=&#8221;47px&#8221; header_line_height=&#8221;1.2em&#8221; text_orientation=&#8221;justified&#8221; custom_margin=&#8221;-13px||&#8221; inline_fonts=&#8221;Times New Roman,Playfair Display&#8221; global_colors_info=&#8221;{}&#8221;]<\/p>\n<p><span style=\"font-family: Playfair Display; color: #606060; font-weight: normal;\"><strong>Wolumetria brody\/policzk\u00f3w<\/strong><\/span><br \/><span style=\"font-family: Playfair Display; color: #606060; font-weight: normal;\"> Wolumetria twarzy to tak zwane modelowanie bez u\u017cycia skalpela. Jest to zabieg z dziedziny kosmetologii estetycznej z zastosowaniem kwasu hialuronowego. Pozwala przywr\u00f3ci\u0107 w\u0142a\u015bciwy owal twarzy, poprawi\u0107 g\u0119sto\u015b\u0107 i j\u0119drno\u015b\u0107 sk\u00f3ry oraz dokona\u0107 korekty brody, czy te\u017c ko\u015bci policzkowych.<\/span><\/p>\n<p>[\/et_pb_text][\/et_pb_column][\/et_pb_row][\/et_pb_section][et_pb_section fb_built=&#8221;1&#8243; fullwidth=&#8221;on&#8221; _builder_version=&#8221;4.8.1&#8243; _module_preset=&#8221;default&#8221; global_module=&#8221;125&#8243; saved_tabs=&#8221;all&#8221; global_colors_info=&#8221;{}&#8221;][\/et_pb_section]<\/p>\n","protected":false},"excerpt":{"rendered":"<p>Kosmetologia estetycznaPowi\u0119kszanie i modelowanie ust kwasem hialuronowym To zabieg, kt\u00f3ry od lat utrzymuje si\u0119 w czo\u0142\u00f3wce najpopularniejszych zabieg\u00f3w z zakresu kosmetologii estetycznej. Cieszy si\u0119 on powodzeniem u kobiet w r\u00f3\u017cnym wieku, z r\u00f3\u017cnymi problemami, zar\u00f3wno w\u015br\u00f3d w\u0142a\u015bcicielek w\u0105skiej czerwieni wargowej, jak i pa\u0144 posiadaj\u0105cych naturalnie pe\u0142ne usta. Zabieg z zastosowaniem kwasu hialuronowego pozwala uwydatni\u0107 usta [&hellip;]<\/p>\n","protected":false},"author":1,"featured_media":0,"parent":0,"menu_order":0,"comment_status":"closed","ping_status":"closed","template":"","meta":{"_et_pb_use_builder":"on","_et_pb_old_content":"","_et_gb_content_width":"","footnotes":""},"class_list":["post-226","page","type-page","status-publish","hentry"],"_links":{"self":[{"href":"https:\/\/vipcontour.pl\/index.php\/wp-json\/wp\/v2\/pages\/226","targetHints":{"allow":["GET"]}}],"collection":[{"href":"https:\/\/vipcontour.pl\/index.php\/wp-json\/wp\/v2\/pages"}],"about":[{"href":"https:\/\/vipcontour.pl\/index.php\/wp-json\/wp\/v2\/types\/page"}],"author":[{"embeddable":true,"href":"https:\/\/vipcontour.pl\/index.php\/wp-json\/wp\/v2\/users\/1"}],"replies":[{"embeddable":true,"href":"https:\/\/vipcontour.pl\/index.php\/wp-json\/wp\/v2\/comments?post=226"}],"version-history":[{"count":0,"href":"https:\/\/vipcontour.pl\/index.php\/wp-json\/wp\/v2\/pages\/226\/revisions"}],"wp:attachment":[{"href":"https:\/\/vipcontour.pl\/index.php\/wp-json\/wp\/v2\/media?parent=226"}],"curies":[{"name":"wp","href":"https:\/\/api.w.org\/{rel}","templated":true}]}}