{"id":225,"date":"2021-01-27T10:29:46","date_gmt":"2021-01-27T09:29:46","guid":{"rendered":"http:\/\/vipcontour.pl\/index.php\/makijaz-permanentny\/"},"modified":"2022-12-15T20:59:50","modified_gmt":"2022-12-15T19:59:50","slug":"makijaz-permanentny","status":"publish","type":"page","link":"https:\/\/vipcontour.pl\/index.php\/makijaz-permanentny\/","title":{"rendered":"MAKIJA\u017b PERMANENTNY"},"content":{"rendered":"<p>[et_pb_section fb_built=&#8221;1&#8243; disabled_on=&#8221;off|off|on&#8221; _builder_version=&#8221;4.16&#8243; _module_preset=&#8221;default&#8221; background_image=&#8221;http:\/\/vipcontour.pl\/wp-content\/uploads\/2021\/01\/Untitled-design.png&#8221; background_position=&#8221;top_left&#8221; background_repeat=&#8221;repeat&#8221; custom_padding=&#8221;0px||0px|||&#8221; global_colors_info=&#8221;{}&#8221;][et_pb_row _builder_version=&#8221;4.16&#8243; _module_preset=&#8221;default&#8221; custom_padding=&#8221;0px||0px|||&#8221; global_colors_info=&#8221;{}&#8221;][et_pb_column type=&#8221;4_4&#8243; _builder_version=&#8221;4.16&#8243; _module_preset=&#8221;default&#8221; global_colors_info=&#8221;{}&#8221;][et_pb_image src=&#8221;http:\/\/vipcontour.pl\/wp-content\/uploads\/2021\/01\/vipcontour.png&#8221; title_text=&#8221;vipcontour&#8221; _builder_version=&#8221;4.16&#8243; _module_preset=&#8221;default&#8221; global_colors_info=&#8221;{}&#8221;][\/et_pb_image][\/et_pb_column][\/et_pb_row][\/et_pb_section][et_pb_section fb_built=&#8221;1&#8243; _builder_version=&#8221;4.16&#8243; background_color=&#8221;rgba(255,255,255,0.66)&#8221; background_image=&#8221;http:\/\/vipcontour.pl\/wp-content\/uploads\/2021\/01\/wed-bg-1.png&#8221; background_blend=&#8221;overlay&#8221; custom_padding=&#8221;35px|0px|15px|0px|false|false&#8221; global_colors_info=&#8221;{}&#8221;][et_pb_row use_custom_gutter=&#8221;on&#8221; make_equal=&#8221;on&#8221; _builder_version=&#8221;4.16&#8243; width=&#8221;98%&#8221; width_tablet=&#8221;90%&#8221; width_phone=&#8221;90%&#8221; width_last_edited=&#8221;on|tablet&#8221; max_width=&#8221;1170px&#8221; max_width_tablet=&#8221;90%&#8221; max_width_phone=&#8221;90%&#8221; max_width_last_edited=&#8221;on|tablet&#8221; custom_padding=&#8221;|0px|30px|0px|false|false&#8221; border_color_bottom=&#8221;#dec680&#8243; global_colors_info=&#8221;{}&#8221;][et_pb_column type=&#8221;4_4&#8243; _builder_version=&#8221;4.16&#8243; custom_padding=&#8221;|||&#8221; global_colors_info=&#8221;{}&#8221; custom_padding__hover=&#8221;|||&#8221;][et_pb_text _builder_version=&#8221;4.16&#8243; header_font=&#8221;Playfair Display|||on|||||&#8221; header_text_color=&#8221;#333333&#8243; header_font_size=&#8221;26px&#8221; header_letter_spacing=&#8221;1px&#8221; header_line_height=&#8221;1.4em&#8221; max_width=&#8221;474px&#8221; custom_margin=&#8221;-18px||20px|||&#8221; custom_padding=&#8221;0px|||&#8221; header_font_size_tablet=&#8221;&#8221; header_font_size_phone=&#8221;20px&#8221; header_font_size_last_edited=&#8221;on|phone&#8221; global_colors_info=&#8221;{}&#8221;]<\/p>\n<h1>Makija\u017c permanentny<\/h1>\n<p>[\/et_pb_text][et_pb_text _builder_version=&#8221;4.16&#8243; text_font=&#8221;Roboto Condensed|300|||||||&#8221; text_text_color=&#8221;#A4A4A4&#8243; text_line_height=&#8221;1.8em&#8221; header_font=&#8221;Yeseva One||||||||&#8221; header_text_color=&#8221;#3c1c20&#8243; header_font_size=&#8221;47px&#8221; header_line_height=&#8221;1.2em&#8221; text_orientation=&#8221;justified&#8221; custom_margin=&#8221;-13px||&#8221; inline_fonts=&#8221;Times New Roman,Playfair Display&#8221; global_colors_info=&#8221;{}&#8221;]<\/p>\n<p><span style=\"font-family: Playfair Display; color: #606060;\"><strong>Makija\u017c permanentny brwi<\/strong><\/span><br \/><span style=\"font-family: Playfair Display; color: #606060;\"> Dobrze dobrany kszta\u0142t brwi mo\u017ce znacz\u0105co przyczyni\u0107 si\u0119 do poprawy naszego wygl\u0105du. Odpowiednio dobrany tworzy efekt liftingu, korzystnie wp\u0142ywa na proporcje twarzy, a nawet mo\u017ce optycznie wyszczupli\u0107 nam twarz. Kszta\u0142t i kolor dobierany jest zawsze indywidualnie do urody ka\u017cdej klientki. Bezpo\u015brednio po zabiegu kolor jest dosy\u0107 intensywny, lecz po wygojeniu (oko\u0142o 7-10 dni) kolor traci na intensywno\u015bci oko\u0142o 30-40%. Nale\u017cy pami\u0119ta\u0107 r\u00f3wnie\u017c o tym, \u017ce\u00a0makija\u017c permanentny nie mo\u017ce nam zast\u0105pi\u0107 klasycznego makija\u017cu. Stanowczo stawiam na naturalny, nieprzerysowany wygl\u0105d.<\/span><\/p>\n<p>[\/et_pb_text][et_pb_text _builder_version=&#8221;4.16&#8243; text_font=&#8221;Roboto Condensed|300|||||||&#8221; text_text_color=&#8221;#A4A4A4&#8243; text_line_height=&#8221;1.8em&#8221; header_font=&#8221;Yeseva One||||||||&#8221; header_text_color=&#8221;#3c1c20&#8243; header_font_size=&#8221;47px&#8221; header_line_height=&#8221;1.2em&#8221; text_orientation=&#8221;justified&#8221; custom_margin=&#8221;-13px||&#8221; custom_padding=&#8221;||0px|||&#8221; inline_fonts=&#8221;Times New Roman,Playfair Display&#8221; global_colors_info=&#8221;{}&#8221;]<\/p>\n<p><span style=\"font-family: Playfair Display; color: #606060;\"><strong>Makija\u017c permanentny ust<\/strong><\/span><br \/><span style=\"font-family: 'Times New Roman'; color: #606060;\"><span style=\"font-family: Playfair Display;\"> Makija\u017cem permanentnym ust mo\u017cemy nada\u0107 ulubiony odcie\u0144 naszym wargom, ociepli\u0107 je, och\u0142odzi\u0107, rozja\u015bni\u0107 lub przyciemni\u0107, a tak\u017ce zmieni\u0107 ich kszta\u0142t poprzez optyczne powi\u0119kszenie ust za pomoc\u0105 wyr\u00f3wnania konturu. Dzi\u0119ki pigmentacji mo\u017cliwe jest tak\u017ce tuszowanie blizn, np. po rozszczepie wargi, b\u0105d\u017a cz\u0119sto przechodzonych opryszczkach. Finalny kolor ust po zabiegu to po\u0142\u0105czenie wsp\u00f3lnie wybranego pigmentu lub kilku pigment\u00f3w oraz naturalnego odcienia warg klientki. Dzi\u0119ki temu kolor idealnie wsp\u00f3\u0142gra z typem urody klientki<\/span>.<\/span><\/p>\n<p>[\/et_pb_text][et_pb_text _builder_version=&#8221;4.16&#8243; text_font=&#8221;Roboto Condensed|300|||||||&#8221; text_text_color=&#8221;#A4A4A4&#8243; text_line_height=&#8221;1.8em&#8221; header_font=&#8221;Yeseva One||||||||&#8221; header_text_color=&#8221;#3c1c20&#8243; header_font_size=&#8221;47px&#8221; header_line_height=&#8221;1.2em&#8221; text_orientation=&#8221;justified&#8221; custom_margin=&#8221;-13px||&#8221; inline_fonts=&#8221;Times New Roman,Playfair Display&#8221; global_colors_info=&#8221;{}&#8221; custom_padding=&#8221;||3px|||&#8221;]<\/p>\n<p><span style=\"font-family: Playfair Display; color: #606060; font-weight: normal;\"><strong>Makija\u017c permanentny powiek<\/strong><\/span><br \/><span style=\"font-family: Playfair Display; color: #606060; font-weight: normal;\"> Makija\u017c permanentny powiek jest trwa\u0142\u0105 pigmentacj\u0105 g\u00f3rnej lub dolnej powieki. Pozwala\u00a0uzyska\u0107 lekkie, eleganckie i bardziej wyraziste spojrzenie. Je\u017celi masz do\u015b\u0107\u00a0codziennego malowania i martwienia si\u0119 o to, czy makija\u017c jest wykonany poprawnie, czy te\u017c\u00a0si\u0119 nie rozmaza\u0142, to serdecznie zapraszam.<\/span><\/p>\n<p>[\/et_pb_text][\/et_pb_column][\/et_pb_row][\/et_pb_section][et_pb_section fb_built=&#8221;1&#8243; fullwidth=&#8221;on&#8221; _builder_version=&#8221;4.8.1&#8243; _module_preset=&#8221;default&#8221; global_module=&#8221;125&#8243; saved_tabs=&#8221;all&#8221; global_colors_info=&#8221;{}&#8221;][\/et_pb_section]<\/p>\n","protected":false},"excerpt":{"rendered":"<p>Makija\u017c permanentnyMakija\u017c permanentny brwi Dobrze dobrany kszta\u0142t brwi mo\u017ce znacz\u0105co przyczyni\u0107 si\u0119 do poprawy naszego wygl\u0105du. Odpowiednio dobrany tworzy efekt liftingu, korzystnie wp\u0142ywa na proporcje twarzy, a nawet mo\u017ce optycznie wyszczupli\u0107 nam twarz. Kszta\u0142t i kolor dobierany jest zawsze indywidualnie do urody ka\u017cdej klientki. Bezpo\u015brednio po zabiegu kolor jest dosy\u0107 intensywny, lecz po wygojeniu (oko\u0142o [&hellip;]<\/p>\n","protected":false},"author":1,"featured_media":0,"parent":0,"menu_order":0,"comment_status":"closed","ping_status":"closed","template":"","meta":{"_et_pb_use_builder":"on","_et_pb_old_content":"","_et_gb_content_width":"","footnotes":""},"class_list":["post-225","page","type-page","status-publish","hentry"],"_links":{"self":[{"href":"https:\/\/vipcontour.pl\/index.php\/wp-json\/wp\/v2\/pages\/225","targetHints":{"allow":["GET"]}}],"collection":[{"href":"https:\/\/vipcontour.pl\/index.php\/wp-json\/wp\/v2\/pages"}],"about":[{"href":"https:\/\/vipcontour.pl\/index.php\/wp-json\/wp\/v2\/types\/page"}],"author":[{"embeddable":true,"href":"https:\/\/vipcontour.pl\/index.php\/wp-json\/wp\/v2\/users\/1"}],"replies":[{"embeddable":true,"href":"https:\/\/vipcontour.pl\/index.php\/wp-json\/wp\/v2\/comments?post=225"}],"version-history":[{"count":0,"href":"https:\/\/vipcontour.pl\/index.php\/wp-json\/wp\/v2\/pages\/225\/revisions"}],"wp:attachment":[{"href":"https:\/\/vipcontour.pl\/index.php\/wp-json\/wp\/v2\/media?parent=225"}],"curies":[{"name":"wp","href":"https:\/\/api.w.org\/{rel}","templated":true}]}}