{"id":2,"date":"2021-01-21T14:09:43","date_gmt":"2021-01-21T13:09:43","guid":{"rendered":"http:\/\/vipcontour.pl\/?page_id=2"},"modified":"2026-01-25T21:39:56","modified_gmt":"2026-01-25T20:39:56","slug":"przykladowa-strona","status":"publish","type":"page","link":"https:\/\/vipcontour.pl\/index.php\/przykladowa-strona\/","title":{"rendered":"Przyk\u0142adowa strona"},"content":{"rendered":"[et_pb_section fb_built=&#8221;1&#8243; admin_label=&#8221;section&#8221; _builder_version=&#8221;4.16&#8243; global_colors_info=&#8221;{}&#8221;][et_pb_row admin_label=&#8221;row&#8221; _builder_version=&#8221;4.16&#8243; background_size=&#8221;initial&#8221; background_position=&#8221;top_left&#8221; background_repeat=&#8221;repeat&#8221; global_colors_info=&#8221;{}&#8221;][et_pb_column type=&#8221;4_4&#8243; _builder_version=&#8221;4.16&#8243; custom_padding=&#8221;|||&#8221; global_colors_info=&#8221;{}&#8221; custom_padding__hover=&#8221;|||&#8221;][et_pb_text admin_label=&#8221;Text&#8221; _builder_version=&#8221;4.16&#8243; background_size=&#8221;initial&#8221; background_position=&#8221;top_left&#8221; background_repeat=&#8221;repeat&#8221; global_colors_info=&#8221;{}&#8221;]<p align=\"JUSTIFY\" style=\"margin-bottom: 0cm; line-height: 150%; text-align: justify;\"><strong><span style=\"font-size: medium;\">Szkolenia z makija\u017cu permanentnego<\/span><\/strong><span style=\"font-size: medium;\"> to <\/span><strong><span style=\"font-size: medium;\">indywidualne kursy<\/span><\/strong><span style=\"font-size: medium;\"> \u0142\u0105cz\u0105ce <\/span><strong><span style=\"font-size: medium;\">teori\u0119 i praktyk\u0119<\/span><\/strong><span style=\"font-size: medium;\">, prowadzone na <\/span><strong><span style=\"font-size: medium;\">modelkach<\/span><\/strong><span style=\"font-size: medium;\">. Obejmuj\u0105 zar\u00f3wno <\/span><strong><span style=\"font-size: medium;\">podstawowe techniki<\/span><\/strong><span style=\"font-size: medium;\"> brwi, ust i kreski, jak i <\/span><strong><span style=\"font-size: medium;\">rozszerzone umiej\u0119tno\u015bci<\/span><\/strong><span style=\"font-size: medium;\"> \u2013 PMU zaawansowany brwi, kreski dekoracyjne i cieniowane, czy modelowanie ust. Szkolenia s\u0105 dostosowane do poziomu uczestnika \u2013 od pocz\u0105tkuj\u0105cego po osoby posiadaj\u0105ce podstawy PMU. Przygotowuj\u0105 do <\/span><strong><span style=\"font-size: medium;\">samodzielnej pracy z klientkami<\/span><\/strong><span style=\"font-size: medium;\">, z naciskiem na <\/span><strong><span style=\"font-size: medium;\">bezpiecze\u0144stwo, higien\u0119 i estetyczny efekt<\/span><\/strong><span style=\"font-size: medium;\">. <\/span><\/p>\n<p align=\"JUSTIFY\" style=\"margin-bottom: 0cm; line-height: 150%; text-align: justify;\"><span style=\"font-size: medium;\"> Poni\u017cej przedstawiamy kr\u00f3tki opis szkole\u0144. Chc\u0105c uzyska\u0107 wi\u0119cej informacji prosimy o kontakt telefoniczny lub poprzez wiadomo\u015b\u0107.<\/span><\/p>\n<p style=\"margin-bottom: 0cm;\"><\/p>\n<p align=\"CENTER\" style=\"margin-bottom: 0cm;\"><strong><span style=\"font-size: medium;\"><u>OFEROWANE SZKOLENIA:<\/u><\/span><\/strong><\/p>\n<p align=\"CENTER\" style=\"margin-bottom: 0cm;\"><strong><span style=\"font-size: medium;\"><u><\/u><\/span><\/strong><\/p>\n<p align=\"CENTER\" style=\"margin-bottom: 0cm;\"><\/p>\n<h3 class=\"western\"><span style=\"color: rgba(89, 89, 89, 0.85);\"><strong><span style=\"font-size: medium;\"><u>PODSTAWOWE PMU BRWI &#8211; 3 DNI<\/u><\/span><\/strong><\/span><\/h3>\n<ul>\n<li>\n<p><span style=\"font-size: medium;\">Intensywne szkolenie \u0142\u0105cz\u0105ce teori\u0119 i praktyk\u0119<\/span><\/p>\n<\/li>\n<li>\n<p><span style=\"font-size: medium;\">Techniki: <\/span><strong><span style=\"font-size: medium;\">pudrowa i ombre brows<\/span><\/strong><\/p>\n<\/li>\n<li>\n<p><span style=\"font-size: medium;\">Praca na <\/span><span style=\"font-size: medium;\"><b>3<\/b><\/span><strong><span style=\"font-size: medium;\"><b> <\/b><\/span><\/strong><strong><span style=\"font-size: medium;\">modelkach<\/span><\/strong><\/p>\n<\/li>\n<li>\n<p><span style=\"font-size: medium;\">Szkolenie dla os\u00f3b <\/span><strong><span style=\"font-size: medium;\">pocz\u0105tkuj\u0105cych<\/span><\/strong><\/p>\n<\/li>\n<li>\n<p><strong><span style=\"font-size: medium;\">Efekt:<\/span><\/strong><span style=\"font-size: medium;\"> umiej\u0119tno\u015b\u0107 samodzielnego wykonania naturalnych brwi<\/span><\/p>\n<\/li>\n<li>\n<p><span style=\"font-size: medium;\"><b>Cena: 5500 z\u0142<\/b><\/span><span style=\"font-size: medium;\"><b><\/b><\/span><\/p>\n<\/li>\n<\/ul>\n<p>&nbsp;<\/p>\n<p><strong><span style=\"font-size: medium;\"><u>PODSTAWOWE PMU BRWI + KRESKA PERMANENTNA \u2013 4 DNI<\/u><\/span><\/strong><\/p>\n<ul>\n<li>\n<p><span style=\"font-size: medium;\">Nauka brwi (pudrowa, ombre) i kreski permanentnej<\/span><\/p>\n<\/li>\n<li>\n<p><span style=\"font-size: medium;\">Praca na <\/span><span style=\"font-size: medium;\"><b>4<\/b><\/span><strong><span style=\"font-size: medium;\"><b> <\/b><\/span><\/strong><strong><span style=\"font-size: medium;\">modelkach<\/span><\/strong><\/p>\n<\/li>\n<li>\n<p><span style=\"font-size: medium;\">Szkolenie dla os\u00f3b <strong>pocz\u0105tkuj\u0105cych<\/strong><\/span><\/p>\n<\/li>\n<li>\n<p><strong><span style=\"font-size: medium;\">Efekt:<\/span><\/strong><span style=\"font-size: medium;\"> samodzielne wykonywanie brwi i eyelinera<\/span><\/p>\n<\/li>\n<li>\n<p><span style=\"font-size: medium;\"><b>Cena: 6500 z\u0142<\/b><\/span><\/p>\n<\/li>\n<\/ul>\n<p>&nbsp;<\/p>\n<p><strong><span style=\"font-size: medium;\"><u>PODSTAWOWE PMU BRWI + USTA PERMANENTNE \u2013 4 DNI<\/u><\/span><\/strong><\/p>\n<ul>\n<li>\n<p><span style=\"font-size: medium;\">Brwi: pudrowa i ombre<\/span> oraz usta permanentne<\/p>\n<\/li>\n<li>\n<p><span style=\"font-size: medium;\">Praca na <\/span><span style=\"font-size: medium;\"><b>4<\/b><\/span><strong><span style=\"font-size: medium;\"> modelkach<\/span><\/strong><\/p>\n<\/li>\n<li>\n<p><span style=\"font-size: medium;\">Szkolenie dla <strong>pocz\u0105tkuj\u0105cych<\/strong><\/span><\/p>\n<\/li>\n<li>\n<p><strong><span style=\"font-size: medium;\">Efekt:<\/span><\/strong><span style=\"font-size: medium;\"> samodzielna praca z brwiami i ustami<\/span><\/p>\n<\/li>\n<li>\n<p><span style=\"font-size: medium;\"><b>Cena: 6500 z\u0142<\/b><\/span><\/p>\n<\/li>\n<\/ul>\n<p>&nbsp;<\/p>\n<p><strong><span style=\"font-size: medium;\"><u>PODSTAWOWE PMU BRWI + USTA + KRESKA PERMANENTNA \u2013 5 DNI<\/u><\/span><\/strong><\/p>\n<ul>\n<li>\n<p><span style=\"font-size: medium;\">Kompletne szkolenie z <\/span><strong><span style=\"font-size: medium;\">brwi, ust i kreski<\/span><\/strong><\/p>\n<\/li>\n<li>\n<p><span style=\"font-size: medium;\">Praca na <\/span><span style=\"font-size: medium;\"><b>5<\/b><\/span><strong><span style=\"font-size: medium;\"> modelkach<\/span><\/strong><\/p>\n<\/li>\n<li>\n<p><span style=\"font-size: medium;\">Szkolenie dla <strong>pocz\u0105tkuj\u0105cych<\/strong><\/span><\/p>\n<\/li>\n<li>\n<p><strong><span style=\"font-size: medium;\">Efekt:<\/span><\/strong><span style=\"font-size: medium;\"> wszechstronne przygotowanie do pracy PMU<\/span><\/p>\n<\/li>\n<li>\n<p><span style=\"font-size: medium;\"><b>Cena: 8000 z\u0142<\/b><\/span><\/p>\n<\/li>\n<\/ul>\n<p>&nbsp;<\/p>\n<p><strong><span style=\"font-size: medium;\"><u>RYSUNEK WST\u0118PNY W PMU \u2013 1 DZIE\u0143<\/u><\/span><\/strong><\/p>\n<ul>\n<li>\n<p><span style=\"font-size: medium;\">Nauka <\/span><strong><span style=\"font-size: medium;\">precyzyjnego rysunku wst\u0119pnego<\/span><\/strong><\/p>\n<\/li>\n<li>\n<p><span style=\"font-size: medium;\">Praca na modelkach<\/span><\/p>\n<\/li>\n<li>\n<p><span style=\"font-size: medium;\">Szkolenie dla os\u00f3b <strong>pocz\u0105tkuj\u0105cych i zaawansowanych<\/strong><\/span><\/p>\n<\/li>\n<li>\n<p><strong><span style=\"font-size: medium;\">Efekt:<\/span><\/strong><span style=\"font-size: medium;\"> umiej\u0119tno\u015b\u0107 prawid\u0142owego przygotowania klientki do zabiegu<\/span><\/p>\n<\/li>\n<li>\n<p><span style=\"font-size: medium;\"><b>Cena: 1500 z\u0142<\/b><\/span><\/p>\n<\/li>\n<\/ul>\n<p>&nbsp;<\/p>\n<p><strong><span style=\"font-size: medium;\"><u>SZKOLENIE MASTERCLASS BRWI PERMANENTNE \u2013 1 DZIE\u0143<\/u><\/span><\/strong><\/p>\n<ul>\n<li>\n<p><span style=\"font-size: medium;\">Zaawansowane techniki brwi: <\/span><strong><span style=\"font-size: medium;\">pudrowa i ombre<\/span><\/strong><\/p>\n<\/li>\n<li>\n<p><span style=\"font-size: medium;\">Praca na <\/span><strong><span style=\"font-size: medium;\">1 modelce<\/span><\/strong><\/p>\n<\/li>\n<li>\n<p><span style=\"font-size: medium;\">Dla os\u00f3b z podstawami PMU<\/span><\/p>\n<\/li>\n<li>\n<p><strong><span style=\"font-size: medium;\">Efekt:<\/span><\/strong><span style=\"font-size: medium;\"> samodzielne wykonywanie stylowych i naturalnych brwi<\/span><\/p>\n<\/li>\n<li>\n<p><span style=\"font-size: medium;\"><b>Cena: 3000 z\u0142<\/b><\/span><\/p>\n<\/li>\n<\/ul>\n<p>&nbsp;<\/p>\n<p><strong><span style=\"font-size: medium;\"><u>SZKOLENIE MASTERCLASS KRESKA EYELINER (DEKORACYJNA) \u2013 1 DZIE\u0143<\/u><\/span><\/strong><\/p>\n<ul>\n<li>\n<p><span style=\"font-size: medium;\">Technika wykonania <\/span><strong><span style=\"font-size: medium;\">kreski dekoracyjnej<\/span><\/strong><\/p>\n<\/li>\n<li>\n<p><span style=\"font-size: medium;\">Praca na <\/span><strong><span style=\"font-size: medium;\">1 modelce<\/span><\/strong><\/p>\n<\/li>\n<li>\n<p><span style=\"font-size: medium;\">Dla os\u00f3b z podstawami PMU<\/span><\/p>\n<\/li>\n<li>\n<p><strong><span style=\"font-size: medium;\">Efekt:<\/span><\/strong><span style=\"font-size: medium;\"> samodzielne wykonywanie dekoracyjnych kresek<\/span><\/p>\n<\/li>\n<li>\n<p><span style=\"font-size: medium;\"><b>Cena: 3000 z\u0142<\/b><\/span><\/p>\n<\/li>\n<\/ul>\n<p>&nbsp;<\/p>\n<p><strong><span style=\"font-size: medium;\"><u>SZKOLENIE MASTERCLASS KRESKA CIENIOWANA \u2013 1 DZIE\u0143<\/u><\/span><\/strong><\/p>\n<ul>\n<li>\n<p><span style=\"font-size: medium;\">Technika <\/span><strong><span style=\"font-size: medium;\">mi\u0119kkiego, cieniowanego eyelinera<\/span><\/strong><\/p>\n<\/li>\n<li>\n<p><span style=\"font-size: medium;\">Praca na <\/span><strong><span style=\"font-size: medium;\">1 modelce<\/span><\/strong><\/p>\n<\/li>\n<li>\n<p><span style=\"font-size: medium;\">Dla os\u00f3b z podstawami PMU<\/span><\/p>\n<\/li>\n<li>\n<p><strong><span style=\"font-size: medium;\">Efekt:<\/span><\/strong><span style=\"font-size: medium;\"> naturalny i trwa\u0142y efekt cieniowanej kreski<\/span><\/p>\n<\/li>\n<li>\n<p><span style=\"font-size: medium;\"><b>Cena: 3000 z\u0142<\/b><\/span><\/p>\n<\/li>\n<\/ul>\n<p>&nbsp;<\/p>\n<p><strong><span style=\"font-size: medium;\"><u>SZKOLENIE MASTERCLASS KRESKA EYELINER + CIENIOWANA \u2013 3 DNI<\/u><\/span><\/strong><\/p>\n<ul>\n<li>\n<p><span style=\"font-size: medium;\">Kompleksowe szkolenie <\/span><strong><span style=\"font-size: medium;\">kreska dekoracyjna + cieniowana<\/span><\/strong><\/p>\n<\/li>\n<li>\n<p><span style=\"font-size: medium;\">Praca na <\/span><strong><span style=\"font-size: medium;\">3 modelkach<\/span><\/strong><\/p>\n<\/li>\n<li>\n<p><span style=\"font-size: medium;\">Dla os\u00f3b z podstawami PMU<\/span><\/p>\n<\/li>\n<li>\n<p><strong><span style=\"font-size: medium;\">Efekt:<\/span><\/strong><span style=\"font-size: medium;\"> pewno\u015b\u0107 w pracy przy powiece i szeroki wachlarz styl\u00f3w<\/span><\/p>\n<\/li>\n<li>\n<p><span style=\"font-size: medium;\"><b>Cena: 7000 z\u0142<\/b><\/span><\/p>\n<\/li>\n<\/ul>\n<p>&nbsp;<\/p>\n<p><strong><span style=\"font-size: medium;\"><u>SZKOLENIE MASTERCLASS WYPE\u0141NIANIE\/MODELOWANIE UST \u2013 1 DZIE\u0143<\/u><\/span><\/strong><\/p>\n<ul>\n<li>\n<p><span style=\"font-size: medium;\">Technika wype\u0142niania i modelowania ust<\/span><\/p>\n<\/li>\n<li>\n<p><span style=\"font-size: medium;\">Praca na <\/span><strong><span style=\"font-size: medium;\">2-3 modelkach<\/span><\/strong><\/p>\n<\/li>\n<li>\n<p><span style=\"font-size: medium;\">Dla os\u00f3b z podstawami PMU<\/span><\/p>\n<\/li>\n<li>\n<p><strong><span style=\"font-size: medium;\">Efekt:<\/span><\/strong><span style=\"font-size: medium;\"> naturalny i estetyczny wygl\u0105d ust<\/span><\/p>\n<\/li>\n<li>\n<p><span style=\"font-size: medium;\"><b>Cena: 3500 z\u0142<\/b><\/span><\/p>\n<\/li>\n<\/ul>\n<p style=\"margin-bottom: 0cm;\"><\/p>\n<p>&nbsp;<\/p>\n<p>&nbsp;<\/p>\n<p>&nbsp;<\/p>\n<p style=\"page-break-before: always;\"><\/p>\n<p>&nbsp;<\/p>\n<p>&nbsp;<\/p>\n<ul><\/ul>\n<p>&nbsp;<\/p>\n<p>&nbsp;<\/p>\n<p>&nbsp;<\/p>\n<p>&nbsp;<\/p>\n<p><\/p>\n<p>&nbsp;<\/p>\n<p><!-- \/wp:post-content --><\/p>[\/et_pb_text][\/et_pb_column][\/et_pb_row][\/et_pb_section]<!-- \/wp:freeform -->","protected":false},"excerpt":{"rendered":"<p>Szkolenia z makija\u017cu permanentnego to indywidualne kursy \u0142\u0105cz\u0105ce teori\u0119 i praktyk\u0119, prowadzone na modelkach. Obejmuj\u0105 zar\u00f3wno podstawowe techniki brwi, ust i kreski, jak i rozszerzone umiej\u0119tno\u015bci \u2013 PMU zaawansowany brwi, kreski dekoracyjne i cieniowane, czy modelowanie ust. Szkolenia s\u0105 dostosowane do poziomu uczestnika \u2013 od pocz\u0105tkuj\u0105cego po osoby posiadaj\u0105ce podstawy PMU. Przygotowuj\u0105 do samodzielnej pracy [&hellip;]<\/p>\n","protected":false},"author":1,"featured_media":0,"parent":0,"menu_order":0,"comment_status":"closed","ping_status":"open","template":"","meta":{"_et_pb_use_builder":"on","_et_pb_old_content":"<!-- wp:paragraph -->\n<p>To jest przyk\u0142adowa strona. Strony s\u0105 inne ni\u017c wpisy na blogu, poniewa\u017c nie tylko znajduj\u0105 si\u0119 zawsze w jednym miejscu, ale tak\u017ce pojawiaj\u0105 si\u0119 w menu witryny (w wi\u0119kszo\u015bci motyw\u00f3w). Wi\u0119kszo\u015b\u0107 u\u017cytkownik\u00f3w zaczyna od strony z informacjami o sobie, kt\u00f3ra zapozna ich przed odwiedzaj\u0105cymi witryn\u0119. Taka strona mo\u017ce zawiera\u0107 na przyk\u0142ad taki tekst:<\/p>\n<!-- \/wp:paragraph -->\n\n<!-- wp:quote -->\n<blockquote class=\"wp-block-quote\"><p>Cze\u015b\u0107! Za dnia jestem kurierem rowerowym, noc\u0105 pr\u00f3buj\u0119 swoich si\u0142 w aktorstwie, a to jest moja witryna. Mieszkam w Krakowie, mam wspania\u0142ego psa kt\u00f3ry wabi si\u0119 Reks i lubi\u0119 pi\u00f1a colad\u0119 (oraz spacery, gdy pada deszcz).<\/p><\/blockquote>\n<!-- \/wp:quote -->\n\n<!-- wp:paragraph -->\n<p>...albo co\u015b takiego:<\/p>\n<!-- \/wp:paragraph -->\n\n<!-- wp:quote -->\n<blockquote class=\"wp-block-quote\"><p>Firma XYZ Doohickey zosta\u0142a za\u0142o\u017cona w 1971 roku i od tamtej pory dostarcza spo\u0142ecze\u0144stwu dobrej jako\u015bci gad\u017cety. Znajduj\u0105ca si\u0119 w Gotham City XYZ zatrudnia ponad 2000 os\u00f3b i robi niesamowite rzeczy dla spo\u0142eczno\u015bci Gotham.<\/p><\/blockquote>\n<!-- \/wp:quote -->\n\n<!-- wp:paragraph -->\n<p>Jako nowy u\u017cytkownik WordPressa, powiniene\u015b przej\u015b\u0107 do <a href=\"http:\/\/vipcontour.pl\/wp-admin\/\">swojego kokpitu<\/a> aby usun\u0105\u0107 t\u0119 stron\u0119 i stworzy\u0107 nowe z w\u0142asn\u0105 tre\u015bci\u0105. Dobrej zabawy!<\/p>\n<!-- \/wp:paragraph -->","_et_gb_content_width":"","footnotes":""},"class_list":["post-2","page","type-page","status-publish","hentry"],"_links":{"self":[{"href":"https:\/\/vipcontour.pl\/index.php\/wp-json\/wp\/v2\/pages\/2","targetHints":{"allow":["GET"]}}],"collection":[{"href":"https:\/\/vipcontour.pl\/index.php\/wp-json\/wp\/v2\/pages"}],"about":[{"href":"https:\/\/vipcontour.pl\/index.php\/wp-json\/wp\/v2\/types\/page"}],"author":[{"embeddable":true,"href":"https:\/\/vipcontour.pl\/index.php\/wp-json\/wp\/v2\/users\/1"}],"replies":[{"embeddable":true,"href":"https:\/\/vipcontour.pl\/index.php\/wp-json\/wp\/v2\/comments?post=2"}],"version-history":[{"count":13,"href":"https:\/\/vipcontour.pl\/index.php\/wp-json\/wp\/v2\/pages\/2\/revisions"}],"predecessor-version":[{"id":1606,"href":"https:\/\/vipcontour.pl\/index.php\/wp-json\/wp\/v2\/pages\/2\/revisions\/1606"}],"wp:attachment":[{"href":"https:\/\/vipcontour.pl\/index.php\/wp-json\/wp\/v2\/media?parent=2"}],"curies":[{"name":"wp","href":"https:\/\/api.w.org\/{rel}","templated":true}]}}