{"id":11,"date":"2021-01-21T14:17:11","date_gmt":"2021-01-21T13:17:11","guid":{"rendered":"http:\/\/vipcontour.pl\/index.php\/faq\/"},"modified":"2022-12-18T11:59:30","modified_gmt":"2022-12-18T10:59:30","slug":"faq","status":"publish","type":"page","link":"https:\/\/vipcontour.pl\/index.php\/faq\/","title":{"rendered":"FAQ"},"content":{"rendered":"<p>[et_pb_section fb_built=&#8221;1&#8243; _builder_version=&#8221;4.18.0&#8243; background_color=&#8221;rgba(255,255,255,0.66)&#8221; background_image=&#8221;https:\/\/vipcontour.pl\/wp-content\/uploads\/2022\/10\/1_max-2-rotated.jpg&#8221; background_blend=&#8221;overlay&#8221; custom_padding=&#8221;35px|0px|15px|0px|false|false&#8221; global_colors_info=&#8221;{}&#8221;][et_pb_row use_custom_gutter=&#8221;on&#8221; make_equal=&#8221;on&#8221; _builder_version=&#8221;4.16&#8243; width=&#8221;98%&#8221; width_tablet=&#8221;90%&#8221; width_phone=&#8221;90%&#8221; width_last_edited=&#8221;on|tablet&#8221; max_width=&#8221;1170px&#8221; max_width_tablet=&#8221;90%&#8221; max_width_phone=&#8221;90%&#8221; max_width_last_edited=&#8221;on|tablet&#8221; custom_padding=&#8221;|0px|30px|0px|false|false&#8221; border_color_bottom=&#8221;#dec680&#8243; global_colors_info=&#8221;{}&#8221;][et_pb_column type=&#8221;4_4&#8243; _builder_version=&#8221;4.16&#8243; custom_padding=&#8221;|||&#8221; global_colors_info=&#8221;{}&#8221; custom_padding__hover=&#8221;|||&#8221;][et_pb_text _builder_version=&#8221;4.16&#8243; header_font=&#8221;Playfair Display|||on|||||&#8221; header_text_color=&#8221;#333333&#8243; header_font_size=&#8221;26px&#8221; header_letter_spacing=&#8221;1px&#8221; header_line_height=&#8221;1.4em&#8221; custom_margin=&#8221;-18px||20px|||&#8221; custom_padding=&#8221;0px|||&#8221; header_font_size_tablet=&#8221;&#8221; header_font_size_phone=&#8221;20px&#8221; header_font_size_last_edited=&#8221;on|phone&#8221; global_colors_info=&#8221;{}&#8221;][\/et_pb_text][et_pb_toggle title=&#8221;Jak przygotowa\u0107 si\u0119 do zabiegu makija\u017cu permanentnego?&#8221; open_toggle_background_color=&#8221;#FFFFFF&#8221; closed_toggle_background_color=&#8221;#dec680&#8243; icon_color=&#8221;#000000&#8243; open_icon_color=&#8221;#000000&#8243; _builder_version=&#8221;4.16&#8243; _module_preset=&#8221;default&#8221; title_text_color=&#8221;#000000&#8243; title_font=&#8221;Playfair Display||||||||&#8221; body_font=&#8221;Roboto Condensed||||||||&#8221; inline_fonts=&#8221;Times New Roman,Playfair Display&#8221; global_colors_info=&#8221;{}&#8221;]<\/p>\n<p><span style=\"font-family: Playfair Display;\">Brwi:<\/span><br \/><span style=\"font-family: Playfair Display;\"> \u2022 2 tygodnie przed zabiegiem nie wykonywa\u0107 regulacji brwi oraz henny,<\/span><br \/><span style=\"font-family: Playfair Display;\"> \u2022 zaleca si\u0119 wykonanie delikatnego peelingu brwi,<\/span><br \/><span style=\"font-family: Playfair Display;\"> \u2022 w przypadku stosowania od\u017cywek do brwi \u2013 na dwa miesi\u0105ce przed zaprzesta\u0107 stosowania.<\/span><\/p>\n<p style=\"text-align: justify;\"><span style=\"font-family: Playfair Display;\">Usta:<\/span><br \/><span style=\"font-family: Playfair Display;\"> \u2022 3-4 dni przed zabiegiem przyjmowa\u0107 lek Heviran 1000mg\/doba (lub Hascovir Control),<\/span><br \/><span style=\"font-family: Playfair Display;\"> \u2022 aktywna opryszczka wyklucza wykonanie makija\u017cu,<\/span><br \/><span style=\"font-family: Playfair Display;\"> \u2022 zalecamy kilka dni przed zabiegiem wykonywa\u0107 peelingi, powoduj\u0105 usuni\u0119cie starego nask\u00f3rka,<\/span><br \/><span style=\"font-family: Playfair Display;\"> \u2022 w przypadku zabieg\u00f3w ostrzykiwania z kwasem, zabieg makija\u017cu ust mo\u017cna wykona\u0107 dopiero po 4 tygodniach. Zalecamy najpierw wykonanie makija\u017cu permanentnego ust, a nast\u0119pnie ostrzykiwanie.<\/span><\/p>\n<p><span style=\"font-family: Playfair Display;\">Kreska:<\/span><br \/><span style=\"font-family: Playfair Display;\"> \u2022 maksymalnie tydzie\u0144 przed zabiegiem mo\u017cna wykona\u0107 henn\u0119 na rz\u0119sach,<\/span><br \/><span style=\"font-family: Playfair Display;\"> \u2022 2 miesi\u0105ce przed zabiegiem nale\u017cy zaprzesta\u0107 u\u017cywania od\u017cywek do rz\u0119s,<\/span><br \/><span style=\"font-family: Playfair Display;\"> \u2022 jaskra, zapalenie spoj\u00f3wek uniemo\u017cliwia wykonanie zabiegu,<\/span><br \/><span style=\"font-family: Playfair Display;\"> \u2022 tydzie\u0144 przed zabiegiem nale\u017cy usun\u0105\u0107 przed\u0142u\u017cone rz\u0119sy,<\/span><br \/><span style=\"font-family: Playfair Display;\"> \u2022 je\u017celi klientka korzysta z soczewek kontaktowych, prosimy o zabranie pude\u0142ka do ich przechowywania.<\/span><\/p>\n<p>[\/et_pb_toggle][et_pb_toggle title=&#8221;Czy makija\u017c permanentny mo\u017ce wygl\u0105da\u0107 naturalnie? &#8221; open_toggle_background_color=&#8221;#FFFFFF&#8221; closed_toggle_background_color=&#8221;#dec680&#8243; icon_color=&#8221;#000000&#8243; open_icon_color=&#8221;#000000&#8243; _builder_version=&#8221;4.16&#8243; _module_preset=&#8221;default&#8221; title_text_color=&#8221;#000000&#8243; title_font=&#8221;Playfair Display||||||||&#8221; body_font=&#8221;Roboto Condensed||||||||&#8221; inline_fonts=&#8221;Times New Roman,Playfair Display&#8221; global_colors_info=&#8221;{}&#8221;]<\/p>\n<p style=\"text-align: justify;\"><span style=\"font-family: Playfair Display;\">Tak, gdy\u017c jest to typ makija\u017cu, kt\u00f3ry ma by\u0107 w pe\u0142ni naturalny, gdy patrzymy na twarz osoby po jego pe\u0142nym wygojeniu. Prosimy wi\u0119c o przemy\u015blane zapisywanie si\u0119 na zabiegi, gdy\u017c wykonujemy naturalne, nieprzerysowane makija\u017ce. Chcemy, aby na zabiegi do naszego salonu trafia\u0142y klientki nie\u017c\u0105daj\u0105ce bardzo mocnego efektu, kt\u00f3ry przypomina bardziej tatua\u017c ni\u017c naturalny makija\u017c!<\/span><\/p>\n<p>[\/et_pb_toggle][et_pb_toggle title=&#8221;Jak d\u0142ugo utrzymuje si\u0119 efekt makija\u017cu permanentnego?&#8221; open_toggle_background_color=&#8221;#FFFFFF&#8221; closed_toggle_background_color=&#8221;#dec680&#8243; icon_color=&#8221;#000000&#8243; open_icon_color=&#8221;#000000&#8243; _builder_version=&#8221;4.16&#8243; _module_preset=&#8221;default&#8221; title_text_color=&#8221;#000000&#8243; title_font=&#8221;Playfair Display||||||||&#8221; body_font=&#8221;Roboto Condensed||||||||&#8221; inline_fonts=&#8221;Times New Roman,Playfair Display&#8221; global_colors_info=&#8221;{}&#8221;]<\/p>\n<p><span style=\"font-family: Playfair Display;\">Na trwa\u0142o\u015b\u0107 makija\u017cu permanentnego sk\u0142ada si\u0119 wiele czynnik\u00f3w, takich jak:<\/span><br \/><span style=\"font-family: Playfair Display;\"> &#8211; rodzaj sk\u00f3ry, wybrana technika, stan zdrowia, metabolizm organizmu, ekspozycja na promieniowanie UV oraz piel\u0119gnacja po zabiegu,<\/span><br \/><span style=\"font-family: Playfair Display;\"> &#8211; nikt nie udziela gwarancji, natomiast szacuje si\u0119, \u017ce makija\u017c utrzymuje si\u0119 \u015brednio w przypadku brwi &#8211; 1,5 roku, kresek &#8211; 2-3 lata, ust &#8211; 2-3 lata.<\/span><br \/><span style=\"font-family: Playfair Display;\"> Zaleca si\u0119 \u201eod\u015bwie\u017cenie\u201d makija\u017cu w czasie roku od jego wykonania.<\/span><br \/><span style=\"font-family: Playfair Display;\"> Dla naszych klientek to koszt 50% aktualnej ceny do roku od jego wykonania.<\/span><\/p>\n<p>[\/et_pb_toggle][et_pb_toggle title=&#8221;Jak d\u0142ugo utrzymuje si\u0119 efekt iniekcji kwasem hialuronowym?&#8221; open_toggle_background_color=&#8221;#FFFFFF&#8221; closed_toggle_background_color=&#8221;#dec680&#8243; icon_color=&#8221;#000000&#8243; open_icon_color=&#8221;#000000&#8243; _builder_version=&#8221;4.16&#8243; _module_preset=&#8221;default&#8221; title_text_color=&#8221;#000000&#8243; title_font=&#8221;Playfair Display||||||||&#8221; body_font=&#8221;Roboto Condensed||||||||&#8221; inline_fonts=&#8221;Times New Roman,Playfair Display&#8221; global_colors_info=&#8221;{}&#8221;]<\/p>\n<p style=\"text-align: justify;\"><span style=\"font-family: Playfair Display;\">Na trwa\u0142o\u015b\u0107 iniekcji przy u\u017cyciu usieciowanego kwasu hialuronowego wp\u0142ywa kilka czynnik\u00f3w: rodzaj sk\u00f3ry, u\u017cywki, metabolizm organizmu, tryb \u017cycia, promienie UV, poziom uwodnienia i nawil\u017cenia sk\u00f3ry oraz ca\u0142ego organizmu. Szacuje si\u0119, \u017ce pierwsza iniekcja utrzymuje si\u0119 oko\u0142o 6 miesi\u0119cy, kolejne 12-18 miesi\u0119cy.<\/span><\/p>\n<p>[\/et_pb_toggle][et_pb_toggle title=&#8221;Jak wygl\u0105da zabieg makija\u017cu permanentnego?&#8221; open_toggle_background_color=&#8221;#FFFFFF&#8221; closed_toggle_background_color=&#8221;#dec680&#8243; icon_color=&#8221;#000000&#8243; open_icon_color=&#8221;#000000&#8243; _builder_version=&#8221;4.16&#8243; _module_preset=&#8221;default&#8221; title_text_color=&#8221;#000000&#8243; title_font=&#8221;Playfair Display||||||||&#8221; body_font=&#8221;Roboto Condensed||||||||&#8221; inline_fonts=&#8221;Times New Roman,Playfair Display&#8221; global_colors_info=&#8221;{}&#8221;]<\/p>\n<p style=\"text-align: justify;\"><span style=\"font-family: Playfair Display;\">Zabieg sk\u0142ada si\u0119 z kilku etap\u00f3w. Na pocz\u0105tku jest to wywiad wykluczaj\u0105cy przeciwwskazania. Znieczulamy pigmentowan\u0105 stref\u0119, je\u015bli tego wymaga. Omawiamy dok\u0142adnie Twoje oczekiwania, t\u0142umacz\u0105c co jestem w stanie wykona\u0107. Nast\u0119pnie dobieramy odpowiedni kolor pigmentu, wykonuj\u0119 rysunek wst\u0119pny i pigmentuj\u0119 miejsce zabiegowe. Czas zabiegu to ok. 1,5-2,5 godzin (w zale\u017cno\u015bci od miejsca zabiegowego oraz indywidualnych predyspozycji sk\u00f3ry).<\/span><br \/><span style=\"font-family: Playfair Display;\"> W dniu zabiegu Klientka podpisuje formularz \u015bwiadomej zgody, akceptuj\u0105c jednocze\u015bnie regulamin.<\/span><\/p>\n<p>[\/et_pb_toggle][et_pb_toggle title=&#8221;Jak b\u0119d\u0119 wygl\u0105da\u0142a po zabiegu i jak przebiega proces gojenia?&#8221; open_toggle_background_color=&#8221;#FFFFFF&#8221; closed_toggle_background_color=&#8221;#dec680&#8243; icon_color=&#8221;#000000&#8243; open_icon_color=&#8221;#000000&#8243; _builder_version=&#8221;4.16&#8243; _module_preset=&#8221;default&#8221; title_text_color=&#8221;#000000&#8243; title_font=&#8221;Playfair Display||||||||&#8221; body_font=&#8221;Roboto Condensed||||||||&#8221; inline_fonts=&#8221;Times New Roman,Playfair Display&#8221; global_colors_info=&#8221;{}&#8221;]<\/p>\n<p style=\"text-align: justify;\"><span style=\"font-family: Playfair Display;\">Po zabiegu pigmentacji i iniekcji kwasem mo\u017ce pojawi\u0107 si\u0119 zaczerwienienie, podra\u017cnienie i opuchlizna. Objawy te ust\u0119puj\u0105 w ci\u0105gu 48 godzin.<\/span><br \/><span style=\"font-family: Playfair Display;\"> Bezpo\u015brednio po zabiegu efekty wydaj\u0105 si\u0119 zbyt przerysowane. Przy makija\u017cu permanentnym kolor blednie o oko\u0142o 30-50% w zale\u017cno\u015bci od efektu wyj\u015bciowego w ci\u0105gu 7-40 dni po zabiegu. Na drugi dzie\u0144 po pigmentacji kolor nieco ciemnieje, a w kolejnych dniach powstaje wiele strupk\u00f3w, kt\u00f3re \u201eodpadaj\u0105\u201d wraz z pigmentem. Spokojnie, to naturalny proces! Stabilizacja pigmentu nast\u0119puje przez kolejne 30-60 dni, a w tych dniach kolor powinien si\u0119 ustabilizowa\u0107 w sk\u00f3rze.<\/span><br \/><span style=\"font-family: Playfair Display;\"> Je\u015bli sk\u00f3ra zostanie poddana iniekcji kwasem HA, mo\u017cemy zauwa\u017cy\u0107 niewielkie wk\u0142ucia, a w przypadku iniekcji ust widoczny jest wyra\u017any obrz\u0119k, kt\u00f3ry ust\u0119puj\u0119 zazwyczaj w ci\u0105gu 48 godzin.<\/span><\/p>\n<p>[\/et_pb_toggle][et_pb_toggle title=&#8221;Czy zabieg jest bolesny?&#8221; open_toggle_background_color=&#8221;#FFFFFF&#8221; closed_toggle_background_color=&#8221;#dec680&#8243; icon_color=&#8221;#000000&#8243; open_icon_color=&#8221;#000000&#8243; _builder_version=&#8221;4.16&#8243; _module_preset=&#8221;default&#8221; title_text_color=&#8221;#000000&#8243; title_font=&#8221;Playfair Display||||||||&#8221; body_font=&#8221;Roboto Condensed||||||||&#8221; inline_fonts=&#8221;Times New Roman,Playfair Display&#8221; global_colors_info=&#8221;{}&#8221;]<\/p>\n<p style=\"text-align: justify;\"><span style=\"font-family: Playfair Display;\">Ka\u017cdy inwazyjny zabieg jest delikatnie niekomfortowy, dlatego w trosce o Wasze odczucia znieczulamy przed oraz w trakcie zabiegu. Oczywi\u015bcie odczuwanie stopnia b\u00f3lu jest predyspozycj\u0105 bardzo indywidualn\u0105.<\/span><\/p>\n<p>[\/et_pb_toggle][et_pb_toggle title=&#8221;Jak mam piel\u0119gnowa\u0107 sk\u00f3r\u0119 po zabiegu?&#8221; open_toggle_background_color=&#8221;#FFFFFF&#8221; closed_toggle_background_color=&#8221;#dec680&#8243; icon_color=&#8221;#000000&#8243; open_icon_color=&#8221;#000000&#8243; _builder_version=&#8221;4.16&#8243; _module_preset=&#8221;default&#8221; title_text_color=&#8221;#000000&#8243; title_font=&#8221;Playfair Display||||||||&#8221; body_font=&#8221;Roboto Condensed||||||||&#8221; inline_fonts=&#8221;Times New Roman,Playfair Display&#8221; global_colors_info=&#8221;{}&#8221;]<\/p>\n<p><span style=\"font-family: Playfair Display;\">Wszystkie te informacje uzyskujecie zawsze w trakcie zabiegu, jak r\u00f3wnie\u017c moje klientki otrzymuj\u0105 dok\u0142adne zalecenia pozabiegowe na kartce do domu.<\/span><\/p>\n<p>[\/et_pb_toggle][et_pb_toggle title=&#8221;Czy wykonam taki kszta\u0142t i kolor, jaki sobie klientka wymarzy\u0142a i od zawsze rysowa\u0142a?&#8221; open_toggle_background_color=&#8221;#FFFFFF&#8221; closed_toggle_background_color=&#8221;#dec680&#8243; icon_color=&#8221;#000000&#8243; open_icon_color=&#8221;#000000&#8243; _builder_version=&#8221;4.16&#8243; _module_preset=&#8221;default&#8221; title_text_color=&#8221;#000000&#8243; title_font=&#8221;Playfair Display||||||||&#8221; body_font=&#8221;Roboto Condensed||||||||&#8221; inline_fonts=&#8221;Times New Roman,Playfair Display&#8221; global_colors_info=&#8221;{}&#8221;]<\/p>\n<p style=\"text-align: justify;\"><span style=\"font-family: Playfair Display;\">Zapewne dojdziemy do zadowalaj\u0105cego kompromisu. Natomiast mam prawo do odmowy wykonania us\u0142ugi, je\u017celi Twoje oczekiwania b\u0119d\u0105 niezgodne z moim stylem i technik\u0105 pracy. W przypadku, gdy nie zaakceptujesz moich propozycji i zdecydujesz si\u0119 zrezygnowa\u0107 z zabiegu, zadatek tak\u017ce nie ulega zwrotowi, gdy\u017c wcze\u015bniej zach\u0119cam do przegl\u0105dni\u0119cia galerii prac salonu, aby podj\u0105\u0107 decyzj\u0119 o zabiegu.<\/span><\/p>\n<p>[\/et_pb_toggle][et_pb_toggle title=&#8221;Czy korekta makija\u017cu permanentnego jest potrzebna?&#8221; open_toggle_background_color=&#8221;#FFFFFF&#8221; closed_toggle_background_color=&#8221;#dec680&#8243; icon_color=&#8221;#000000&#8243; open_icon_color=&#8221;#000000&#8243; _builder_version=&#8221;4.16&#8243; _module_preset=&#8221;default&#8221; title_text_color=&#8221;#000000&#8243; title_font=&#8221;Playfair Display||||||||&#8221; body_font=&#8221;Roboto Condensed||||||||&#8221; inline_fonts=&#8221;Times New Roman,Playfair Display&#8221; global_colors_info=&#8221;{}&#8221;]<\/p>\n<p style=\"text-align: justify;\"><span style=\"font-family: Playfair Display;\">Zazwyczaj tak! W dodatkowej cenie wliczona jest 1 korekta, kt\u00f3r\u0105 wykonujemy najwcze\u015bniej 30 dni po wykonaniu makija\u017cu permanentnego. Jest ona niezb\u0119dna w celu wzmocnienia, utrwalenia efektu oraz wyr\u00f3wnania ewentualnych brak\u00f3w, czy r\u00f3\u017cnic. Dodatkowa, druga korekta jest r\u00f3wnie\u017c dodatkowo p\u0142atna i traktujemy j\u0105, jako dopigmentowanie makija\u017cu.<\/span><\/p>\n<p>[\/et_pb_toggle][et_pb_toggle title=&#8221;Czy makija\u017cem permanentnym mog\u0119 powi\u0119kszy\u0107 swoje usta? &#8221; open_toggle_background_color=&#8221;#FFFFFF&#8221; closed_toggle_background_color=&#8221;#dec680&#8243; icon_color=&#8221;#000000&#8243; open_icon_color=&#8221;#000000&#8243; _builder_version=&#8221;4.16&#8243; _module_preset=&#8221;default&#8221; title_text_color=&#8221;#000000&#8243; title_font=&#8221;Playfair Display||||||||&#8221; body_font=&#8221;Roboto Condensed||||||||&#8221; inline_fonts=&#8221;Times New Roman,Playfair Display&#8221; global_colors_info=&#8221;{}&#8221;]<\/p>\n<p style=\"text-align: justify;\"><span style=\"font-family: 'Times New Roman'; font-weight: normal;\"><span style=\"font-family: Playfair Display;\">Nie jest to mo\u017cliwe, gdy\u017c makija\u017c permanentny ust ma swoje zasady, kt\u00f3rych profesjonalna linergistka musi przestrzega\u0107. Makija\u017cem permanentnym mo\u017cna delikatnie podkre\u015bli\u0107 natur\u0119 i nie ma mo\u017cliwo\u015bci powi\u0119kszenia nim ust, gdy\u017c do tego s\u0142u\u017cy wype\u0142nianie kwasem hialuronowym. Zasada obowi\u0105zuj\u0105ca w PMU jest taka, i\u017c nie mo\u017cna makija\u017cem permanentnym wyj\u015b\u0107 poza kontur ust naturalnych, gdy\u017c po wygojeniu kolor na sk\u00f3rze i na ustach b\u0119dzie si\u0119 r\u00f3\u017cni\u0142.<\/span> <br \/><\/span><\/p>\n<p>[\/et_pb_toggle][et_pb_toggle title=&#8221;Czy mog\u0119 wykona\u0107 mocne, czarne brwi?&#8221; open_toggle_background_color=&#8221;#FFFFFF&#8221; closed_toggle_background_color=&#8221;#dec680&#8243; icon_color=&#8221;#000000&#8243; open_icon_color=&#8221;#000000&#8243; _builder_version=&#8221;4.16&#8243; _module_preset=&#8221;default&#8221; title_text_color=&#8221;#000000&#8243; title_font=&#8221;Playfair Display||||||||&#8221; body_font=&#8221;Roboto Condensed||||||||&#8221; inline_fonts=&#8221;Times New Roman,Playfair Display&#8221; global_colors_info=&#8221;{}&#8221;]<\/p>\n<p style=\"text-align: justify;\"><span style=\"font-family: 'Times New Roman';\"><span style=\"font-family: Playfair Display;\">Nie, gdy\u017c do makija\u017cu permanentnego brwi nie u\u017cywa si\u0119 czarnego pigmentu. Po pigmentacji kolor ten w obszarze sk\u00f3ry brwi zazwyczaj nie wygl\u0105da najlepiej, a po pewnym czasie mo\u017ce przyj\u0105\u0107 kolor niebieski\/granatowy. Czarny pigment w makija\u017cu permanentnym stosowany jest jedynie do kresek na powiekach!<\/span> <br \/><\/span><\/p>\n<p>[\/et_pb_toggle][\/et_pb_column][\/et_pb_row][\/et_pb_section]<\/p>\n","protected":false},"excerpt":{"rendered":"<p>Brwi: \u2022 2 tygodnie przed zabiegiem nie wykonywa\u0107 regulacji brwi oraz henny, \u2022 zaleca si\u0119 wykonanie delikatnego peelingu brwi, \u2022 w przypadku stosowania od\u017cywek do brwi \u2013 na dwa miesi\u0105ce przed zaprzesta\u0107 stosowania. Usta: \u2022 3-4 dni przed zabiegiem przyjmowa\u0107 lek Heviran 1000mg\/doba (lub Hascovir Control), \u2022 aktywna opryszczka wyklucza wykonanie makija\u017cu, \u2022 zalecamy kilka [&hellip;]<\/p>\n","protected":false},"author":1,"featured_media":0,"parent":0,"menu_order":0,"comment_status":"closed","ping_status":"closed","template":"","meta":{"_et_pb_use_builder":"on","_et_pb_old_content":"","_et_gb_content_width":"","footnotes":""},"class_list":["post-11","page","type-page","status-publish","hentry"],"_links":{"self":[{"href":"https:\/\/vipcontour.pl\/index.php\/wp-json\/wp\/v2\/pages\/11","targetHints":{"allow":["GET"]}}],"collection":[{"href":"https:\/\/vipcontour.pl\/index.php\/wp-json\/wp\/v2\/pages"}],"about":[{"href":"https:\/\/vipcontour.pl\/index.php\/wp-json\/wp\/v2\/types\/page"}],"author":[{"embeddable":true,"href":"https:\/\/vipcontour.pl\/index.php\/wp-json\/wp\/v2\/users\/1"}],"replies":[{"embeddable":true,"href":"https:\/\/vipcontour.pl\/index.php\/wp-json\/wp\/v2\/comments?post=11"}],"version-history":[{"count":0,"href":"https:\/\/vipcontour.pl\/index.php\/wp-json\/wp\/v2\/pages\/11\/revisions"}],"wp:attachment":[{"href":"https:\/\/vipcontour.pl\/index.php\/wp-json\/wp\/v2\/media?parent=11"}],"curies":[{"name":"wp","href":"https:\/\/api.w.org\/{rel}","templated":true}]}}