{"id":10,"date":"2021-01-21T14:17:11","date_gmt":"2021-01-21T13:17:11","guid":{"rendered":"http:\/\/vipcontour.pl\/index.php\/regulamin\/"},"modified":"2023-05-02T18:53:58","modified_gmt":"2023-05-02T16:53:58","slug":"regulamin","status":"publish","type":"page","link":"https:\/\/vipcontour.pl\/index.php\/regulamin\/","title":{"rendered":"Regulamin"},"content":{"rendered":"<p>[et_pb_section fb_built=&#8221;1&#8243; _builder_version=&#8221;4.18.0&#8243; background_color=&#8221;rgba(255,255,255,0.66)&#8221; background_image=&#8221;https:\/\/vipcontour.pl\/wp-content\/uploads\/2022\/10\/1_max-1-rotated.jpg&#8221; background_blend=&#8221;overlay&#8221; custom_padding=&#8221;35px|0px|15px|0px|false|false&#8221; global_colors_info=&#8221;{}&#8221;][et_pb_row use_custom_gutter=&#8221;on&#8221; make_equal=&#8221;on&#8221; _builder_version=&#8221;4.16&#8243; width=&#8221;98%&#8221; width_tablet=&#8221;90%&#8221; width_phone=&#8221;90%&#8221; width_last_edited=&#8221;on|tablet&#8221; max_width=&#8221;1170px&#8221; max_width_tablet=&#8221;90%&#8221; max_width_phone=&#8221;90%&#8221; max_width_last_edited=&#8221;on|tablet&#8221; custom_padding=&#8221;|0px|30px|0px|false|false&#8221; border_color_bottom=&#8221;#dec680&#8243; global_colors_info=&#8221;{}&#8221;][et_pb_column type=&#8221;4_4&#8243; _builder_version=&#8221;4.16&#8243; custom_padding=&#8221;|||&#8221; global_colors_info=&#8221;{}&#8221; custom_padding__hover=&#8221;|||&#8221;][et_pb_text _builder_version=&#8221;4.16&#8243; header_font=&#8221;Playfair Display|||on|||||&#8221; header_text_color=&#8221;#333333&#8243; header_font_size=&#8221;26px&#8221; header_letter_spacing=&#8221;1px&#8221; header_line_height=&#8221;1.4em&#8221; min_height=&#8221;1056.7px&#8221; custom_margin=&#8221;-18px||20px|||&#8221; custom_padding=&#8221;0px||30px|||&#8221; header_font_size_tablet=&#8221;&#8221; header_font_size_phone=&#8221;20px&#8221; header_font_size_last_edited=&#8221;on|phone&#8221; inline_fonts=&#8221;Times New Roman,Playfair Display&#8221; global_colors_info=&#8221;{}&#8221;]<\/p>\n<h1><span style=\"font-family: Playfair Display;\">Regulamin<\/span><\/h1>\n<p><span style=\"font-family: Playfair Display;\">\u00a0<\/span><\/p>\n<h2 style=\"text-align: justify;\"><span style=\"font-size: large; font-family: Playfair Display; color: #595959;\">1. Na zabiegi makija\u017cu permanentnego\/kosmetologii estetycznej mo\u017cna umawia\u0107 si\u0119 telefonicznie pod numerem telefonu +48 731 677 000 lub poprzez wys\u0142anie wiadomo\u015bci prywatnej na stronie firmowej na Facebook lub Instagram VIP Contour Makija\u017c permanentny &amp; Kosmetologia estetyczna.<\/span><br \/><span style=\"font-size: large; font-family: Playfair Display; color: #595959;\"> 2. Dokonanie zapisu na zabieg oznacza akceptacj\u0119 naszego regulaminu.<\/span><br \/><span style=\"font-size: large; font-family: Playfair Display; color: #595959;\"> 3. Form\u0105 rezerwacji terminu jest wp\u0142ata zadatku na konto bankowe w wysoko\u015bci 100 z\u0142 w ci\u0105gu 3 dni roboczych od dnia zapisania si\u0119. Je\u017celi wp\u0142ata nie zostanie uiszczona w wyznaczonym terminie, b\u0119dzie to skutkowa\u0107 anulowaniem rezerwacji. Zadatek mo\u017cna uiszcza\u0107 osobi\u015bcie w plac\u00f3wce firmy lub na konto firmy Star Group Sylwia Gunia:<\/span><br \/><span style=\"font-family: Playfair Display; color: #595959;\"><span style=\"font-size: large;\"> ING Bank \u015al\u0105ski 62 1050 1445 1000 0091 2607 7768<\/span><span style=\"font-size: large;\"> <\/span><\/span><\/h2>\n<h2 style=\"text-align: justify;\"><span style=\"font-size: large; font-family: Playfair Display; color: #595959;\"><\/span><\/h2>\n<p><span style=\"font-size: large; font-family: Playfair Display; color: #595959;\">lub<\/span><\/p>\n<h2 style=\"text-align: justify;\"><span style=\"font-family: Playfair Display; color: #595959;\"><span style=\"font-size: large;\">BLIK na nr telefonu 883 476 762<\/span><span style=\"font-size: large;\"><\/span><\/span><\/h2>\n<p><span style=\"font-size: large; font-family: Playfair Display; color: #595959;\"><\/span><\/p>\n<h2 style=\"text-align: justify;\"><span style=\"font-size: large; font-family: Playfair Display; color: #595959;\">W tytule przelewu nale\u017cy wpisa\u0107: \u201eimi\u0119 i nazwisko\u201d.<\/span><br \/><span style=\"font-size: large; font-family: Playfair Display; color: #595959;\"> Wp\u0142acony zadatek jest zaliczany na poczet wykonanego zabiegu.<\/span><br \/><span style=\"font-family: Playfair Display; color: #595959;\"><span style=\"font-size: large;\"> 4. Zadatek przepada w sytuacji, gdy\u00a0<\/span><span style=\"font-size: large;\">klientka nie poinformuje o konieczno\u015bci prze\u0142o\u017cenia wizyty minimum 3 dni robocze przed wyznaczonym terminem zabiegu, <\/span><span style=\"font-size: large;\">nast\u0105pi ca\u0142kowita rezygnacja z zabiegu,\u00a0<\/span><span style=\"font-size: large;\">klientka nie poinformuje o nieobecno\u015bci na um\u00f3wiony zabieg.<\/span><\/span><br \/><span style=\"font-size: large; font-family: Playfair Display; color: #595959;\"> 5. W gabinecie mo\u017cna p\u0142aci\u0107 za wykonane zabiegi got\u00f3wk\u0105 lub kart\u0105.<\/span><\/h2>\n<h2 style=\"text-align: justify;\"><span style=\"font-size: large; font-family: Playfair Display; color: #595959;\">6. Klient jest zobowi\u0105zany do zapoznania si\u0119 z przeciwwskazaniami do wykonania danego zabiegu (dost\u0119pne w zak\u0142adce \u201eprzeciwwskazania\u201d) oraz poinformowaniu nas o ewentualnym posiadaniu starego makija\u017cu permanentnego\/wype\u0142niacza ust.<\/span><br \/><span style=\"font-size: large; font-family: Playfair Display; color: #595959;\">7. Nie poinformowanie o jakichkolwiek przeciwwskazaniach przed um\u00f3wieniem si\u0119 na wizyt\u0119, b\u0119dzie skutkowa\u0107 odmow\u0105 wykonania zabiegu oraz brakiem zwrotu zadatku.<\/span><br \/><span style=\"font-size: large; font-family: Playfair Display; color: #595959;\">8. Korekta makija\u017cu permanentnego odbywa si\u0119 w terminie 4-8 tygodni od pierwszej pigmentacji i jest p\u0142atna w wysoko\u015bci 200 z\u0142.<\/span><br \/><span style=\"font-size: large; font-family: Playfair Display; color: #595959;\">9. Je\u017celi klientka zdecyduje si\u0119 na wykonanie dopigmentowania w innym terminie, musi liczy\u0107 si\u0119 z dop\u0142at\u0105:<\/span><br \/><span style=\"font-size: large; font-family: Playfair Display; color: #595959;\"> 9-12 tygodni \u2013 250 z\u0142,<\/span><br \/><span style=\"font-size: large; font-family: Playfair Display; color: #595959;\"> 13-16 tygodni \u2013 300 z\u0142<\/span><br \/><span style=\"font-size: large; font-family: Playfair Display; color: #595959;\"> powy\u017cej 16 tygodni \u2013 dopigmentowanie traktowane jest jako od\u015bwie\u017cenie, czyli do 1 roku &#8211; 50% ceny.<\/span><br \/><span style=\"font-size: large; font-family: Playfair Display; color: #595959;\">10. Nie poinformowanie minimum 2 dni przed wyznaczon\u0105 dat\u0105 korekty o konieczno\u015bci prze\u0142o\u017cenia wizyty lub niestawienie si\u0119 w wyznaczonym terminie korekty, b\u0119dzie skutkowa\u0107 dop\u0142at\u0105 za wyznaczenie nowego terminu w kwocie 200 z\u0142.<\/span><br \/><span style=\"font-size: large; font-family: Playfair Display; color: #595959;\"> 11. Podczas zabiegu makija\u017cu permanentnego zawsze ustalany jest kszta\u0142t i dobierany kolor, kt\u00f3ry wsp\u00f3\u0142gra z urod\u0105 klientki.<\/span><br \/><span style=\"font-size: large; font-family: Playfair Display; color: #595959;\"> 12. Efekt ostateczny po wykonaniu zabiegu z zakresu makija\u017cu permanentnego wynosi 6 tygodni po korekcie.<\/span><br \/><span style=\"font-size: large; font-family: Playfair Display; color: #595959;\"> 13. Efekt ostateczny po wykonaniu zabiegu z zakresu kosmetologii estetycznej wynosi 2 tygodnie po zabiegu.<\/span><br \/><span style=\"font-size: large; font-family: Playfair Display; color: #595959;\"> 14. Konsultacja dotycz\u0105ca wykonania zabieg\u00f3w z zakresu makija\u017cu permanentnego, jak r\u00f3wnie\u017c kosmetologii estetycznej jest bezp\u0142atna. W razie zainteresowania zabiegami, czy te\u017c uzyskania dodatkowych informacji dotycz\u0105cych zabieg\u00f3w, zapraszamy do naszego gabinetu po wcze\u015bniejszym um\u00f3wieniu si\u0119.<\/span><br \/><span style=\"font-size: large; font-family: Playfair Display; color: #595959;\"> 15. Aktualny cennik znajduje si\u0119 na stronie internetowej firmy, profilu na portalu Facebook oraz Instagram.<\/span><br \/><span style=\"font-size: large; font-family: Playfair Display; color: #595959;\"> 16. Mamy pe\u0142ne prawo do odmowy wykonania danego zabiegu bez podania przyczyny.<\/span><br \/><span style=\"font-size: large; font-family: Playfair Display; color: #595959;\"> 17. Mamy prawo odm\u00f3wi\u0107 wykonania zabiegu, je\u015bli oczekiwania klientki s\u0105 zupe\u0142nie inne oraz sprzeczne z wizualizacj\u0105, czy te\u017c niezgodne z estetyk\u0105 pracy wykonywan\u0105 w gabinecie.<\/span><br \/><span style=\"font-family: Playfair Display; color: #595959;\"><span style=\"font-size: large;\"> 18. Bardzo prosimy o przychodzenie na wizyt\u0119 punktualnie. Sp\u00f3\u017anienie 15 minut mo\u017ce skutkowa\u0107 odmow\u0105 wykonania us\u0142ugi, a wp\u0142acony zadatek przepadnie.<\/span><span style=\"font-size: large;\"><\/span><\/span><br \/><span style=\"font-size: large; font-family: Playfair Display; color: #595959;\">19. Na zabieg bardzo prosimy przychodzi\u0107 bez os\u00f3b towarzysz\u0105cych, bez dzieci.<\/span><br \/><span style=\"font-size: large; font-family: Playfair Display; color: #595959;\"> 20. Nie wykonujemy zabieg\u00f3w na w\u0142asn\u0105 odpowiedzialno\u015b\u0107 klienta (np. gdy wyst\u0119puj\u0105 przeciwwskazania, a klient nalega na wykonanie zabiegu).<\/span><br \/><span style=\"font-size: large; font-family: Playfair Display; color: #595959;\"> 21. Um\u00f3wion\u0105 wizyt\u0119 potwierdzamy zawsze wiadomo\u015bciami SMS &#8211; zar\u00f3wno po zapisaniu si\u0119 na zabieg, jak i dzie\u0144 przed wizyt\u0105 w celu przypomnienia.<\/span><br \/><span style=\"font-size: large; font-family: Playfair Display; color: #595959;\"> 22. Zastrzegamy sobie prawo do zmiany ustalonego wcze\u015bniej terminu wizyty (z przyczyn niezale\u017cnych od nas) po ustaleniu z klientk\u0105 innego, dogodnego dla obydwu stron.<\/span><br \/><span style=\"font-size: large; font-family: Playfair Display; color: #595959;\"> 23. Zastrzegamy sobie mo\u017cliwo\u015b\u0107 zmiany poszczeg\u00f3lnych punkt\u00f3w niniejszego regulaminu.<\/span><\/h2>\n<p>[\/et_pb_text][\/et_pb_column][\/et_pb_row][\/et_pb_section]<\/p>\n","protected":false},"excerpt":{"rendered":"<p>Regulamin \u00a0 1. Na zabiegi makija\u017cu permanentnego\/kosmetologii estetycznej mo\u017cna umawia\u0107 si\u0119 telefonicznie pod numerem telefonu +48 731 677 000 lub poprzez wys\u0142anie wiadomo\u015bci prywatnej na stronie firmowej na Facebook lub Instagram VIP Contour Makija\u017c permanentny &amp; Kosmetologia estetyczna. 2. Dokonanie zapisu na zabieg oznacza akceptacj\u0119 naszego regulaminu. 3. Form\u0105 rezerwacji terminu jest wp\u0142ata zadatku na [&hellip;]<\/p>\n","protected":false},"author":1,"featured_media":0,"parent":0,"menu_order":0,"comment_status":"closed","ping_status":"closed","template":"","meta":{"_et_pb_use_builder":"on","_et_pb_old_content":"","_et_gb_content_width":"","footnotes":""},"class_list":["post-10","page","type-page","status-publish","hentry"],"_links":{"self":[{"href":"https:\/\/vipcontour.pl\/index.php\/wp-json\/wp\/v2\/pages\/10","targetHints":{"allow":["GET"]}}],"collection":[{"href":"https:\/\/vipcontour.pl\/index.php\/wp-json\/wp\/v2\/pages"}],"about":[{"href":"https:\/\/vipcontour.pl\/index.php\/wp-json\/wp\/v2\/types\/page"}],"author":[{"embeddable":true,"href":"https:\/\/vipcontour.pl\/index.php\/wp-json\/wp\/v2\/users\/1"}],"replies":[{"embeddable":true,"href":"https:\/\/vipcontour.pl\/index.php\/wp-json\/wp\/v2\/comments?post=10"}],"version-history":[{"count":0,"href":"https:\/\/vipcontour.pl\/index.php\/wp-json\/wp\/v2\/pages\/10\/revisions"}],"wp:attachment":[{"href":"https:\/\/vipcontour.pl\/index.php\/wp-json\/wp\/v2\/media?parent=10"}],"curies":[{"name":"wp","href":"https:\/\/api.w.org\/{rel}","templated":true}]}}